{"id":12,"date":"2024-09-10T00:43:35","date_gmt":"2024-09-10T00:43:35","guid":{"rendered":"https:\/\/trukkisikanen.fi\/?page_id=12"},"modified":"2024-10-28T09:04:59","modified_gmt":"2024-10-28T07:04:59","slug":"yhteydet","status":"publish","type":"page","link":"https:\/\/trukkisikanen.fi\/etusivu\/yhteydet\/","title":{"rendered":"Ota yhteytt\u00e4"},"content":{"rendered":"\t\t<div data-elementor-type=\"wp-page\" data-elementor-id=\"12\" class=\"elementor elementor-12\">\n\t\t\t\t<div class=\"elementor-element elementor-element-15814dcc e-grid e-con-boxed e-con e-parent\" data-id=\"15814dcc\" data-element_type=\"container\">\n\t\t\t\t\t<div class=\"e-con-inner\">\n\t\t\t\t<div class=\"elementor-element elementor-element-6bc7a1c5 elementor-widget elementor-widget-text-editor\" data-id=\"6bc7a1c5\" data-element_type=\"widget\" data-widget_type=\"text-editor.default\">\n\t\t\t\t<div class=\"elementor-widget-container\">\n\t\t\t\t\t\t\t\t\t<p><\/p>\n<h3>Onko yrityksell\u00e4si ty\u00f6turvallisuuteen tai trukkien turvalliseen k\u00e4ytt\u00f6\u00f6n liittyvi\u00e4 koulutustarpeita?<\/h3>\n<p><\/p>\n<p><\/p>\n<p>Alla olevan lomakkeen kautta saat helposti yhteytt\u00e4 meihin.\u00a0<\/p>\n<p>Voit my\u00f6s ottaa yhteytt\u00e4 Jouni Sikaseen:\u00a0<\/p>\n<ul>\n<li>puhelin\u00a0<span style=\"color: var( --e-global-color-text ); font-family: var( --e-global-typography-text-font-family ), Sans-serif; font-size: 0.875rem; font-weight: var( --e-global-typography-text-font-weight ); text-align: var(--text-align);\"><strong>+358 40 5170155<\/strong>\u00a0<\/span><\/li>\n<li><span style=\"color: var( --e-global-color-text ); font-family: var( --e-global-typography-text-font-family ), Sans-serif; font-size: 0.875rem; font-weight: var( --e-global-typography-text-font-weight ); text-align: var(--text-align);\">s\u00e4hk\u00f6posti\u00a0<\/span><span style=\"color: var( --e-global-color-text ); font-family: var( --e-global-typography-text-font-family ), Sans-serif; font-weight: var( --e-global-typography-text-font-weight ); text-align: var(--text-align); font-size: 0.875rem;\"><strong>jouni@trukkisikanen.fi<\/strong><\/span><span style=\"color: var( --e-global-color-text ); font-family: var( --e-global-typography-text-font-family ), Sans-serif; font-weight: var( --e-global-typography-text-font-weight ); text-align: var(--text-align); font-size: 0.875rem;\">\u00a0<\/span><\/li>\n<\/ul>\n<p><\/p>\n<p><\/p>\t\t\t\t\t\t\t\t<\/div>\n\t\t\t\t<\/div>\n\t\t\t\t<div class=\"elementor-element elementor-element-db2ad4b elementor-widget elementor-widget-image\" data-id=\"db2ad4b\" data-element_type=\"widget\" data-widget_type=\"image.default\">\n\t\t\t\t<div class=\"elementor-widget-container\">\n\t\t\t\t\t\t\t\t\t\t\t\t\t\t\t<img fetchpriority=\"high\" decoding=\"async\" width=\"225\" height=\"300\" src=\"https:\/\/trukkisikanen.fi\/wp-content\/uploads\/2024\/09\/JouniSikanen-JKR_7297-EDITED-1-225x300.jpg\" class=\"attachment-medium size-medium wp-image-194\" alt=\"\" srcset=\"https:\/\/trukkisikanen.fi\/wp-content\/uploads\/2024\/09\/JouniSikanen-JKR_7297-EDITED-1-225x300.jpg 225w, https:\/\/trukkisikanen.fi\/wp-content\/uploads\/2024\/09\/JouniSikanen-JKR_7297-EDITED-1.jpg 750w\" sizes=\"(max-width: 225px) 100vw, 225px\" \/>\t\t\t\t\t\t\t\t\t\t\t\t\t\t\t<\/div>\n\t\t\t\t<\/div>\n\t\t\t\t\t<\/div>\n\t\t\t\t<\/div>\n\t\t<div class=\"elementor-element elementor-element-fbe3dbf e-flex e-con-boxed e-con e-parent\" data-id=\"fbe3dbf\" data-element_type=\"container\">\n\t\t\t\t\t<div class=\"e-con-inner\">\n\t\t\t\t<div class=\"elementor-element elementor-element-75991db elementor-widget elementor-widget-wpforms\" data-id=\"75991db\" data-element_type=\"widget\" data-widget_type=\"wpforms.default\">\n\t\t\t\t<div class=\"elementor-widget-container\">\n\t\t\t\t\t<style id=\"wpforms-css-vars-elementor-widget-75991db\">\n\t\t\t\t.elementor-widget-wpforms.elementor-element-75991db {\n\t\t\t\t--wpforms-field-size-input-height: 43px;\n--wpforms-field-size-input-spacing: 15px;\n--wpforms-field-size-font-size: 16px;\n--wpforms-field-size-line-height: 19px;\n--wpforms-field-size-padding-h: 14px;\n--wpforms-field-size-checkbox-size: 16px;\n--wpforms-field-size-sublabel-spacing: 5px;\n--wpforms-field-size-icon-size: 1;\n--wpforms-label-size-font-size: 16px;\n--wpforms-label-size-line-height: 19px;\n--wpforms-label-size-sublabel-font-size: 14px;\n--wpforms-label-size-sublabel-line-height: 17px;\n--wpforms-button-size-font-size: 17px;\n--wpforms-button-size-height: 41px;\n--wpforms-button-size-padding-h: 15px;\n--wpforms-button-size-margin-top: 10px;\n\n\t\t\t}\n\t\t\t<\/style><div class=\"wpforms-container wpforms-container-full wpforms-block wpforms-block-6f06163b-2c9c-4964-8ad0-1a0818b395d4 wpforms-render-modern\" id=\"wpforms-25\"><form id=\"wpforms-form-25\" class=\"wpforms-validate wpforms-form wpforms-ajax-form\" data-formid=\"25\" method=\"post\" enctype=\"multipart\/form-data\" action=\"\/etusivu\/wp-json\/wp\/v2\/pages\/12\" data-token=\"64c42a9628f0dddd1cd7d243a872e130\" data-token-time=\"1778608403\"><noscript class=\"wpforms-error-noscript\">Please enable JavaScript in your browser to complete this form.<\/noscript><div class=\"wpforms-hidden\" id=\"wpforms-error-noscript\">Please enable JavaScript in your browser to complete this form.<\/div><div class=\"wpforms-field-container\"><div id=\"wpforms-25-field_1-container\" class=\"wpforms-field wpforms-field-name\" data-field-id=\"1\"><label class=\"wpforms-field-label\" for=\"wpforms-25-field_1\">Nimi \/ Name <span class=\"wpforms-required-label\" aria-hidden=\"true\">*<\/span><\/label><input type=\"text\" id=\"wpforms-25-field_1\" class=\"wpforms-field-medium wpforms-field-required\" name=\"wpforms[fields][1]\" aria-errormessage=\"wpforms-25-field_1-error\" required><\/div><div id=\"wpforms-25-field_4-container\" class=\"wpforms-field wpforms-field-text\" data-field-id=\"4\"><label class=\"wpforms-field-label\" for=\"wpforms-25-field_4\">Puhelinumero \/ Phone Number <span class=\"wpforms-required-label\" aria-hidden=\"true\">*<\/span><\/label><input type=\"text\" id=\"wpforms-25-field_4\" class=\"wpforms-field-medium wpforms-field-required\" name=\"wpforms[fields][4]\" aria-errormessage=\"wpforms-25-field_4-error\" required><\/div><div id=\"wpforms-25-field_2-container\" class=\"wpforms-field wpforms-field-email\" data-field-id=\"2\"><label class=\"wpforms-field-label\" for=\"wpforms-25-field_2\">S\u00e4hk\u00f6postiosoite \/ Email Address <span class=\"wpforms-required-label\" aria-hidden=\"true\">*<\/span><\/label><input type=\"email\" id=\"wpforms-25-field_2\" class=\"wpforms-field-medium wpforms-field-required\" name=\"wpforms[fields][2]\" spellcheck=\"false\" aria-errormessage=\"wpforms-25-field_2-error\" required><\/div><div id=\"wpforms-25-field_3-container\" class=\"wpforms-field wpforms-field-textarea\" data-field-id=\"3\"><label class=\"wpforms-field-label\" for=\"wpforms-25-field_3\">Viesti \/ Message<\/label><textarea id=\"wpforms-25-field_3\" class=\"wpforms-field-medium\" name=\"wpforms[fields][3]\" aria-errormessage=\"wpforms-25-field_3-error\" aria-describedby=\"wpforms-25-field_3-description\" ><\/textarea><div id=\"wpforms-25-field_3-description\" class=\"wpforms-field-description\">T\u00e4h\u00e4n voit kirjoittaa viestisi ja yhteystietosi. Palaamme mahdollisimman pian asiaan! \/ Thank you for reaching out to us. We will get back shortly!<\/div><\/div><\/div><!-- .wpforms-field-container --><div class=\"wpforms-submit-container\" ><input type=\"hidden\" name=\"wpforms[id]\" value=\"25\"><input type=\"hidden\" name=\"page_title\" value=\"\"><input type=\"hidden\" name=\"page_url\" value=\"https:\/\/trukkisikanen.fi\/etusivu\/wp-json\/wp\/v2\/pages\/12\"><button type=\"submit\" name=\"wpforms[submit]\" id=\"wpforms-submit-25\" class=\"wpforms-submit\" data-alt-text=\"L\u00e4hetet\u00e4\u00e4n... Sending...\" data-submit-text=\"L\u00e4het\u00e4 \/ Send\" aria-live=\"assertive\" value=\"wpforms-submit\">L\u00e4het\u00e4 \/ Send<\/button><img decoding=\"async\" src=\"https:\/\/trukkisikanen.fi\/wp-content\/plugins\/wpforms-lite\/assets\/images\/submit-spin.svg\" class=\"wpforms-submit-spinner\" style=\"display: none;\" width=\"26\" height=\"26\" alt=\"Loading\"><\/div><\/form><\/div>  <!-- .wpforms-container -->\t\t\t\t<\/div>\n\t\t\t\t<\/div>\n\t\t\t\t\t<\/div>\n\t\t\t\t<\/div>\n\t\t\t\t<\/div>\n\t\t","protected":false},"excerpt":{"rendered":"<p>Onko yrityksell\u00e4si ty\u00f6turvallisuuteen tai trukkien turvalliseen k\u00e4ytt\u00f6\u00f6n liittyvi\u00e4 koulutustarpeita? Alla olevan lomakkeen kautta saat helposti yhteytt\u00e4 meihin.\u00a0 Voit my\u00f6s ottaa yhteytt\u00e4 Jouni Sikaseen:\u00a0 puhelin\u00a0+358 40 5170155\u00a0 s\u00e4hk\u00f6posti\u00a0jouni@trukkisikanen.fi\u00a0 Please enable JavaScript &#8230;<\/p>\n","protected":false},"author":1,"featured_media":0,"parent":0,"menu_order":0,"comment_status":"closed","ping_status":"closed","template":"","meta":{"footnotes":""},"class_list":["post-12","page","type-page","status-publish","hentry"],"_links":{"self":[{"href":"https:\/\/trukkisikanen.fi\/etusivu\/wp-json\/wp\/v2\/pages\/12","targetHints":{"allow":["GET"]}}],"collection":[{"href":"https:\/\/trukkisikanen.fi\/etusivu\/wp-json\/wp\/v2\/pages"}],"about":[{"href":"https:\/\/trukkisikanen.fi\/etusivu\/wp-json\/wp\/v2\/types\/page"}],"author":[{"embeddable":true,"href":"https:\/\/trukkisikanen.fi\/etusivu\/wp-json\/wp\/v2\/users\/1"}],"replies":[{"embeddable":true,"href":"https:\/\/trukkisikanen.fi\/etusivu\/wp-json\/wp\/v2\/comments?post=12"}],"version-history":[{"count":20,"href":"https:\/\/trukkisikanen.fi\/etusivu\/wp-json\/wp\/v2\/pages\/12\/revisions"}],"predecessor-version":[{"id":478,"href":"https:\/\/trukkisikanen.fi\/etusivu\/wp-json\/wp\/v2\/pages\/12\/revisions\/478"}],"wp:attachment":[{"href":"https:\/\/trukkisikanen.fi\/etusivu\/wp-json\/wp\/v2\/media?parent=12"}],"curies":[{"name":"wp","href":"https:\/\/api.w.org\/{rel}","templated":true}]}}