{"id":178,"date":"2024-09-27T09:44:40","date_gmt":"2024-09-27T09:44:40","guid":{"rendered":"https:\/\/trukkisikanen.fi\/etusivu\/?page_id=178"},"modified":"2026-04-15T13:31:27","modified_gmt":"2026-04-15T10:31:27","slug":"lahikoulutukset","status":"publish","type":"page","link":"https:\/\/trukkisikanen.fi\/etusivu\/lahikoulutukset\/","title":{"rendered":"L\u00e4hikoulutukset"},"content":{"rendered":"\t\t<div data-elementor-type=\"wp-page\" data-elementor-id=\"178\" class=\"elementor elementor-178\">\n\t\t\t\t<div class=\"elementor-element elementor-element-b7f40bf e-flex e-con-boxed e-con e-parent\" data-id=\"b7f40bf\" data-element_type=\"container\">\n\t\t\t\t\t<div class=\"e-con-inner\">\n\t\t\t\t<div class=\"elementor-element elementor-element-1431494 elementor-widget elementor-widget-heading\" data-id=\"1431494\" data-element_type=\"widget\" data-widget_type=\"heading.default\">\n\t\t\t\t<div class=\"elementor-widget-container\">\n\t\t\t\t\t<h2 class=\"elementor-heading-title elementor-size-default\">L\u00e4hikursseja ja verkkokursseja<\/h2>\t\t\t\t<\/div>\n\t\t\t\t<\/div>\n\t\t\t\t\t<\/div>\n\t\t\t\t<\/div>\n\t\t<div class=\"elementor-element elementor-element-894a7da e-flex e-con-boxed e-con e-parent\" data-id=\"894a7da\" data-element_type=\"container\">\n\t\t\t\t\t<div class=\"e-con-inner\">\n\t\t\t\t<div class=\"elementor-element elementor-element-548906c elementor-widget elementor-widget-text-editor\" data-id=\"548906c\" data-element_type=\"widget\" data-widget_type=\"text-editor.default\">\n\t\t\t\t<div class=\"elementor-widget-container\">\n\t\t\t\t\t\t\t\t\t<p><strong>Tarjoamme erilaisiin tarpeisiin sopivia, korkealaatuisia koulutuspalveluita trukkikuskeille ja esimiehille. Koulutusta on tarjolla sek\u00e4 l\u00e4hikursseina ett\u00e4 Teams-verkkokursseina.<\/strong><\/p><p>L\u00e4hikursseihin voidaan liit\u00e4\u00e4 k\u00e4yt\u00e4nn\u00f6n harjoituksia (esim. ajoharjoittelu trukeilla).<\/p><p><iframe title=\"TRUKKIKOULUTUS Aloittelijan opastus\" width=\"800\" height=\"450\" src=\"https:\/\/www.youtube.com\/embed\/V0HBocFy8vo?feature=oembed\" frameborder=\"0\" allow=\"accelerometer; autoplay; clipboard-write; encrypted-media; gyroscope; picture-in-picture; web-share\" referrerpolicy=\"strict-origin-when-cross-origin\" allowfullscreen><\/iframe><\/p><p>Trukinkuljettajakoulutus ohjaa turvalliseen ajotapaan, ja kurssin onnistuneesti suorittaneet henkil\u00f6t saavat trukinajokortin ja kurssitodistuksen.<\/p><p>Trukinkuljettajakurssin lis\u00e4ksi koulutusvalikoimaamme kuuluvat mm. seuraavat koulutukset:<br \/>\u2022 TTK Ty\u00f6turvallisuuskorttikoulutus<br \/>\u2022 Esimiesvastuukoulutus<br \/>\u2022 Henkil\u00f6nostinkoulutus<br \/>\u2022 Kertauskurssit (trukinkuljettajakoulutus ja TTK Ty\u00f6turvallisuuskortti-koulutus)<\/p>\t\t\t\t\t\t\t\t<\/div>\n\t\t\t\t<\/div>\n\t\t\t\t<div class=\"elementor-element elementor-element-790c878 elementor-widget elementor-widget-heading\" data-id=\"790c878\" data-element_type=\"widget\" data-widget_type=\"heading.default\">\n\t\t\t\t<div class=\"elementor-widget-container\">\n\t\t\t\t\t<h2 class=\"elementor-heading-title elementor-size-default\"><p><span>Trukkikurssit l\u00e4hikurssina<\/span><span><\/span><\/p><\/h2>\t\t\t\t<\/div>\n\t\t\t\t<\/div>\n\t\t\t\t<div class=\"elementor-element elementor-element-4db30da elementor-widget elementor-widget-text-editor\" data-id=\"4db30da\" data-element_type=\"widget\" data-widget_type=\"text-editor.default\">\n\t\t\t\t<div class=\"elementor-widget-container\">\n\t\t\t\t\t\t\t\t\t<p>L\u00e4hikursseina<b> j\u00e4rjestett\u00e4v\u00e4t trukkikurssit voidaan toteuttaa joko asiakasyrityksen omissa tiloissa tai sopimuksen mukaan Tmi Jouni Sikanen koulutuspalvelujen j\u00e4rjest\u00e4m\u00e4ss\u00e4 paikassa. Kysy tarjousta yrityksesi ty\u00f6ntekij\u00f6ille!<\/b><\/p><p><span style=\"color: var( --e-global-color-text ); font-family: var( --e-global-typography-text-font-family ), Sans-serif; font-weight: var( --e-global-typography-text-font-weight ); text-align: var(--text-align); font-size: 0.875rem;\">Trukink\u00e4ytt\u00e4j\u00e4n kurssit l\u00e4hikurssina. Trukkikurssit toteutuu jos min 6 osallistujaa, max 15 henkil\u00f6\u00e4. Tai sopimuksen mukaan henkil\u00f6m\u00e4\u00e4r\u00e4t ja tarpeet arvioidaan.<\/span><\/p><p><span style=\"color: var( --e-global-color-text ); font-family: var( --e-global-typography-text-font-family ), Sans-serif; font-weight: var( --e-global-typography-text-font-weight ); text-align: var(--text-align); font-size: 0.875rem;\"><strong>Kaikille avoimet<\/strong> p\u00e4\u00e4s\u00e4\u00e4nt\u00f6isesti: Parillisten viikkojen tiistait klo 8.30-16.00.\u00a0 Suomikurssina<\/span><\/p><p><span style=\"color: var( --e-global-color-text ); font-family: var( --e-global-typography-text-font-family ), Sans-serif; font-weight: var( --e-global-typography-text-font-weight ); text-align: var(--text-align); font-size: 0.875rem;\"> Kurssipaikka\u00a0 Logisnext Finland Oy Vantaa.\u00a0 Ilmoittautumiset s\u00e4hk\u00f6postilla <a href=\"mailto:koulutus@trukkisikanen.fi\">jouni@trukkisikanen.fi<\/a>. Pid\u00e4t\u00e4mme oikeuden muutoksiin.<br \/><\/span><\/p><h4><b>COURSES IN ENGLISH<\/b><\/h4><p>We also organize forklift courses in English.<\/p><p>J\u00e4rjest\u00e4mme trukkikoulutusta my\u00f6s englanninkielell\u00e4.<\/p><p>The next forklift course in English in Vantaa: Tuesday 9 June 2026 at 8:30 a.m 3:30 p.m.<\/p><p>The course will take place with a minimum of 6 participants. Course location: Logisnext Finland Oy Vantaa. Registration by e-mail <a href=\"mailto:koulutus@trukkisikanen.fi\" target=\"_blank\" rel=\"noopener\">jouni@trukkisikanen.fi<\/a>. We reserve the right to make changes.<\/p><p>Englanninkielinen trukkikurssip\u00e4iv\u00e4t. kes\u00e4kuussa ti 9.6.2026 klo 8.30-15.30 Kurssit toteutuu, jos osallistujia minimi 6 henkil\u00f6\u00e4. Kurssipaikka Logisnext Finland Oy Vantaa. Ilmoittautumiset s\u00e4hk\u00f6postilla <a href=\"mailto:koulutus@trukkisikanen.fi\" target=\"_blank\" rel=\"noopener\">jouni@trukkisikanen.fi<\/a>. Pid\u00e4t\u00e4mme oikeuden muutoksiin.<\/p>\t\t\t\t\t\t\t\t<\/div>\n\t\t\t\t<\/div>\n\t\t\t\t\t<\/div>\n\t\t\t\t<\/div>\n\t\t\t\t<\/div>\n\t\t","protected":false},"excerpt":{"rendered":"<p>L\u00e4hikursseja ja verkkokursseja Tarjoamme erilaisiin tarpeisiin sopivia, korkealaatuisia koulutuspalveluita trukkikuskeille ja esimiehille. Koulutusta on tarjolla sek\u00e4 l\u00e4hikursseina ett\u00e4 Teams-verkkokursseina. L\u00e4hikursseihin voidaan liit\u00e4\u00e4 k\u00e4yt\u00e4nn\u00f6n harjoituksia (esim. ajoharjoittelu trukeilla). Trukinkuljettajakoulutus ohjaa turvalliseen &#8230;<\/p>\n","protected":false},"author":1,"featured_media":0,"parent":0,"menu_order":0,"comment_status":"closed","ping_status":"closed","template":"","meta":{"footnotes":""},"class_list":["post-178","page","type-page","status-publish","hentry"],"_links":{"self":[{"href":"https:\/\/trukkisikanen.fi\/etusivu\/wp-json\/wp\/v2\/pages\/178","targetHints":{"allow":["GET"]}}],"collection":[{"href":"https:\/\/trukkisikanen.fi\/etusivu\/wp-json\/wp\/v2\/pages"}],"about":[{"href":"https:\/\/trukkisikanen.fi\/etusivu\/wp-json\/wp\/v2\/types\/page"}],"author":[{"embeddable":true,"href":"https:\/\/trukkisikanen.fi\/etusivu\/wp-json\/wp\/v2\/users\/1"}],"replies":[{"embeddable":true,"href":"https:\/\/trukkisikanen.fi\/etusivu\/wp-json\/wp\/v2\/comments?post=178"}],"version-history":[{"count":164,"href":"https:\/\/trukkisikanen.fi\/etusivu\/wp-json\/wp\/v2\/pages\/178\/revisions"}],"predecessor-version":[{"id":846,"href":"https:\/\/trukkisikanen.fi\/etusivu\/wp-json\/wp\/v2\/pages\/178\/revisions\/846"}],"wp:attachment":[{"href":"https:\/\/trukkisikanen.fi\/etusivu\/wp-json\/wp\/v2\/media?parent=178"}],"curies":[{"name":"wp","href":"https:\/\/api.w.org\/{rel}","templated":true}]}}