{"id":183,"date":"2024-09-27T09:53:28","date_gmt":"2024-09-27T09:53:28","guid":{"rendered":"https:\/\/trukkisikanen.fi\/etusivu\/?page_id=183"},"modified":"2025-06-30T16:40:54","modified_gmt":"2025-06-30T13:40:54","slug":"verkkokurssit","status":"publish","type":"page","link":"https:\/\/trukkisikanen.fi\/etusivu\/verkkokurssit\/","title":{"rendered":"Verkkokurssit"},"content":{"rendered":"\t\t<div data-elementor-type=\"wp-page\" data-elementor-id=\"183\" class=\"elementor elementor-183\">\n\t\t\t\t<div class=\"elementor-element elementor-element-588d11d e-flex e-con-boxed e-con e-parent\" data-id=\"588d11d\" data-element_type=\"container\">\n\t\t\t\t\t<div class=\"e-con-inner\">\n\t\t\t\t<div class=\"elementor-element elementor-element-04e5e71 elementor-widget elementor-widget-heading\" data-id=\"04e5e71\" data-element_type=\"widget\" data-widget_type=\"heading.default\">\n\t\t\t\t<div class=\"elementor-widget-container\">\n\t\t\t\t\t<h2 class=\"elementor-heading-title elementor-size-default\">Koulutusta verkossa ja l\u00e4hikursseina<\/h2>\t\t\t\t<\/div>\n\t\t\t\t<\/div>\n\t\t\t\t\t<\/div>\n\t\t\t\t<\/div>\n\t\t<div class=\"elementor-element elementor-element-e8de023 e-flex e-con-boxed e-con e-parent\" data-id=\"e8de023\" data-element_type=\"container\">\n\t\t\t\t\t<div class=\"e-con-inner\">\n\t\t\t\t<div class=\"elementor-element elementor-element-0cc5702 elementor-widget elementor-widget-text-editor\" data-id=\"0cc5702\" data-element_type=\"widget\" data-widget_type=\"text-editor.default\">\n\t\t\t\t<div class=\"elementor-widget-container\">\n\t\t\t\t\t\t\t\t\t<p>Tarjoamme erilaisiin tarpeisiin sopivia, korkealaatuisia koulutuspalveluita\u00a0trukink\u00e4ytt\u00e4jille ja esimiehille. Koulutusta on tarjolla sek\u00e4\u00a0Teams-verkkokursseina ett\u00e4 l\u00e4hikursseina, joihin voidaan liitt\u00e4\u00e4 k\u00e4yt\u00e4nn\u00f6n harjoituksia (esim. ajoharjoittelu trukeilla). Trukinkuljettajakoulutus ohjaa turvalliseen ajotapaan, ja kurssin onnistuneesti suorittaneet henkil\u00f6t saavat trukinajokortin ja kurssitodistuksen.<\/p><p><span style=\"color: var( --e-global-color-text ); font-family: var( --e-global-typography-text-font-family ), Sans-serif; font-weight: var( --e-global-typography-text-font-weight ); text-align: var(--text-align); font-size: 0.875rem;\">Trukinkuljettajakurssin lis\u00e4ksi koulutusvalikoimaamme kuuluvat mm. seuraavat koulutukset:<\/span><\/p><ul><li>Ty\u00f6turvallisuuskorttikoulutus<\/li><li>Esimiesvastuukoulutus<\/li><li>Henkil\u00f6nostinkoulutus<\/li><li>Kertauskurssit (trukinkuljettajakoulutus ja TTK Ty\u00f6turvallisuuskortti-koulutus)<\/li><\/ul>\t\t\t\t\t\t\t\t<\/div>\n\t\t\t\t<\/div>\n\t\t\t\t\t<\/div>\n\t\t\t\t<\/div>\n\t\t<div class=\"elementor-element elementor-element-cd6ad91 e-flex e-con-boxed e-con e-parent\" data-id=\"cd6ad91\" data-element_type=\"container\">\n\t\t\t\t\t<div class=\"e-con-inner\">\n\t\t\t\t<div class=\"elementor-element elementor-element-a231320 elementor-widget elementor-widget-heading\" data-id=\"a231320\" data-element_type=\"widget\" data-widget_type=\"heading.default\">\n\t\t\t\t<div class=\"elementor-widget-container\">\n\t\t\t\t\t<h2 class=\"elementor-heading-title elementor-size-default\">Tulevia verkkokursseja<\/h2>\t\t\t\t<\/div>\n\t\t\t\t<\/div>\n\t\t\t\t\t<\/div>\n\t\t\t\t<\/div>\n\t\t<div class=\"elementor-element elementor-element-470e47c e-flex e-con-boxed e-con e-parent\" data-id=\"470e47c\" data-element_type=\"container\">\n\t\t\t\t\t<div class=\"e-con-inner\">\n\t\t\t\t<div class=\"elementor-element elementor-element-60f1ec4 elementor-widget elementor-widget-text-editor\" data-id=\"60f1ec4\" data-element_type=\"widget\" data-widget_type=\"text-editor.default\">\n\t\t\t\t<div class=\"elementor-widget-container\">\n\t\t\t\t\t\t\t\t\t<h4>Kaikille avoimet trukkikoulutukset Teams-verkkokurssina<\/h4><p>Aina parittomien viikkojen\u00a0 tiistait klo 8.30 -13.00.<\/p><ul><li>Seuraavat sopimuksen mukaan.<\/li><\/ul><p>My\u00f6s sopimuksen mukaan p\u00e4iv\u00e4t ja kellonajat ryhm\u00e4t tai yksityishenkil\u00f6t<\/p><p>Toteutumistakuu<\/p><p>Pyyd\u00e4 tarjous! jouni@trukkisikanen.fi<\/p><p>Ilmoittautumiset s\u00e4hk\u00f6postilla <a href=\"mailto:koulutus@trukkisikanen.fi\">jouni@trukkisikanen.fi<\/a>. Yksityisasiakkaat: maksu etuk\u00e4teen. Pid\u00e4t\u00e4mme oikeuden muutoksiin. My\u00f6s sopimuksen mukaan muitakin p\u00e4ivi\u00e4<\/p><h4>TTK Ty\u00f6turvallisuuskortti-koulutus Teams-verkkokurssina<\/h4><p>Ty\u00f6turvallisuuskortti-kurssia sopimuksen mukaan. Kysy tarjous.<\/p><p>Kaikille Avoin Teollisuusalankurssi: Peruskurssi verkkokurssit 7 tuntia +tenttiaika sopimuksen mukaan.<\/p><p>Kertauskurssi verkkokurssina\u00a0 4 tuntia +tenttiaika. Aikaisempi TTK-kortti oltava voimassa.<\/p><p><span style=\"color: var( --e-global-color-text ); font-family: var( --e-global-typography-text-font-family ), Sans-serif; font-weight: var( --e-global-typography-text-font-weight ); text-align: var(--text-align); font-size: 0.875rem;\">Max 30 henkil\u00f6\u00e4.\u00a0<\/span><\/p><p><span style=\"color: var( --e-global-color-text ); font-family: var( --e-global-typography-text-font-family ), Sans-serif; font-weight: var( --e-global-typography-text-font-weight ); text-align: var(--text-align); font-size: 0.875rem;\">Pyyd\u00e4 tarjous!<\/span><\/p><p><span style=\"color: var( --e-global-color-text ); font-family: var( --e-global-typography-text-font-family ), Sans-serif; font-weight: var( --e-global-typography-text-font-weight ); text-align: var(--text-align); font-size: 0.875rem;\">TTK Kurssille-ilmoittautumiset s\u00e4hk\u00f6postilla viimeist\u00e4\u00e4n 2 pv ennen kurssipv klo 12.00 menness\u00e4 s\u00e4hk\u00f6postilla osoitteeseen <a href=\"mailto:koulutus@trukkisikanen.fi\">jouni@trukkisikanen.fi<\/a>. Pid\u00e4t\u00e4mme oikeuden muutoksiin.<\/span><\/p>\t\t\t\t\t\t\t\t<\/div>\n\t\t\t\t<\/div>\n\t\t\t\t\t<\/div>\n\t\t\t\t<\/div>\n\t\t<div class=\"elementor-element elementor-element-0327911 e-flex e-con-boxed e-con e-parent\" data-id=\"0327911\" data-element_type=\"container\">\n\t\t\t\t\t<div class=\"e-con-inner\">\n\t\t\t\t\t<\/div>\n\t\t\t\t<\/div>\n\t\t\t\t<\/div>\n\t\t","protected":false},"excerpt":{"rendered":"<p>Koulutusta verkossa ja l\u00e4hikursseina Tarjoamme erilaisiin tarpeisiin sopivia, korkealaatuisia koulutuspalveluita\u00a0trukink\u00e4ytt\u00e4jille ja esimiehille. Koulutusta on tarjolla sek\u00e4\u00a0Teams-verkkokursseina ett\u00e4 l\u00e4hikursseina, joihin voidaan liitt\u00e4\u00e4 k\u00e4yt\u00e4nn\u00f6n harjoituksia (esim. ajoharjoittelu trukeilla). Trukinkuljettajakoulutus ohjaa turvalliseen ajotapaan, &#8230;<\/p>\n","protected":false},"author":1,"featured_media":0,"parent":0,"menu_order":0,"comment_status":"closed","ping_status":"closed","template":"","meta":{"footnotes":""},"class_list":["post-183","page","type-page","status-publish","hentry"],"_links":{"self":[{"href":"https:\/\/trukkisikanen.fi\/etusivu\/wp-json\/wp\/v2\/pages\/183","targetHints":{"allow":["GET"]}}],"collection":[{"href":"https:\/\/trukkisikanen.fi\/etusivu\/wp-json\/wp\/v2\/pages"}],"about":[{"href":"https:\/\/trukkisikanen.fi\/etusivu\/wp-json\/wp\/v2\/types\/page"}],"author":[{"embeddable":true,"href":"https:\/\/trukkisikanen.fi\/etusivu\/wp-json\/wp\/v2\/users\/1"}],"replies":[{"embeddable":true,"href":"https:\/\/trukkisikanen.fi\/etusivu\/wp-json\/wp\/v2\/comments?post=183"}],"version-history":[{"count":139,"href":"https:\/\/trukkisikanen.fi\/etusivu\/wp-json\/wp\/v2\/pages\/183\/revisions"}],"predecessor-version":[{"id":836,"href":"https:\/\/trukkisikanen.fi\/etusivu\/wp-json\/wp\/v2\/pages\/183\/revisions\/836"}],"wp:attachment":[{"href":"https:\/\/trukkisikanen.fi\/etusivu\/wp-json\/wp\/v2\/media?parent=183"}],"curies":[{"name":"wp","href":"https:\/\/api.w.org\/{rel}","templated":true}]}}