{"id":186,"date":"2024-10-08T12:43:30","date_gmt":"2024-10-08T09:43:30","guid":{"rendered":"https:\/\/trukkisikanen.fi\/etusivu\/?page_id=186"},"modified":"2025-01-27T15:57:10","modified_gmt":"2025-01-27T13:57:10","slug":"yritys","status":"publish","type":"page","link":"https:\/\/trukkisikanen.fi\/etusivu\/yritys\/","title":{"rendered":"Yritys"},"content":{"rendered":"\t\t<div data-elementor-type=\"wp-page\" data-elementor-id=\"186\" class=\"elementor elementor-186\">\n\t\t\t\t<div class=\"elementor-element elementor-element-228b58d e-flex e-con-boxed e-con e-parent\" data-id=\"228b58d\" data-element_type=\"container\">\n\t\t\t\t\t<div class=\"e-con-inner\">\n\t\t\t\t<div class=\"elementor-element elementor-element-04fa4e6 elementor-widget elementor-widget-heading\" data-id=\"04fa4e6\" data-element_type=\"widget\" data-widget_type=\"heading.default\">\n\t\t\t\t<div class=\"elementor-widget-container\">\n\t\t\t\t\t<h2 class=\"elementor-heading-title elementor-size-default\">TrukkiSikanen \u2013 koulutusta kokemuksella<\/h2>\t\t\t\t<\/div>\n\t\t\t\t<\/div>\n\t\t\t\t\t<\/div>\n\t\t\t\t<\/div>\n\t\t<div class=\"elementor-element elementor-element-9addf15 e-grid e-con-boxed e-con e-parent\" data-id=\"9addf15\" data-element_type=\"container\">\n\t\t\t\t\t<div class=\"e-con-inner\">\n\t\t<div class=\"elementor-element elementor-element-ba04368 e-grid e-con-full e-con e-child\" data-id=\"ba04368\" data-element_type=\"container\">\n\t\t\t\t<div class=\"elementor-element elementor-element-90444c7 elementor-widget elementor-widget-text-editor\" data-id=\"90444c7\" data-element_type=\"widget\" data-widget_type=\"text-editor.default\">\n\t\t\t\t<div class=\"elementor-widget-container\">\n\t\t\t\t\t\t\t\t\t<p><b>TrukkiSikanen<\/b>-sivusto on <b>Tmi Jouni Sikanen<\/b> -yrityksen palveluja esittelev\u00e4 verkkosivusto. Tmi Jouni Sikanen on vuonna 2024 perustettu yritys, joka tarjoaa turvallisuuskortti- ja trukinkuljettajakoulutuksia.\u00a0<\/p><p>Yrityksen perustaja <b>Jouni Sikanen<\/b> on toiminut alalla jo vuodesta 1985, ensin Trukkimekaanikkona, Laadun valvoja \/ Tarkastajana, 2004 alkaen trukkikouluttajana. H\u00e4n toimi trukkivalmistaja Rocla Oy:n ja my\u00f6hemmin trukkeja ja sis\u00e4logistiikkapalveluja tarjoavan Logisnext Finland Oy:n Koulutusp\u00e4\u00e4llikk\u00f6n\u00e4. T\u00e4ss\u00e4 ty\u00f6ss\u00e4 h\u00e4nen vastuualueenaan oli mm. ty\u00f6turvallisuuskortti- ja trukinkuljettajakoulutus. <span style=\"color: var( --e-global-color-text ); font-family: var( --e-global-typography-text-font-family ), Sans-serif; font-weight: var( --e-global-typography-text-font-weight ); text-align: var(--text-align); font-size: 0.875rem;\">Nyt sama ty\u00f6 jatkuu oman yrityksen kautta.\u00a0<\/span><span style=\"color: var( --e-global-color-text ); font-family: var( --e-global-typography-text-font-family ), Sans-serif; font-weight: var( --e-global-typography-text-font-weight ); text-align: var(--text-align); font-size: 0.875rem;\">Jouni tunnetaan eritt\u00e4in asiantuntevana ja\u00a0innostavana kouluttajana, joka osaa tarvittaessa kevent\u00e4\u00e4 koulutusp\u00e4ivi\u00e4 mm. huumorin keinoin.\u00a0<\/span><\/p><p><span style=\"color: var( --e-global-color-text ); font-family: var( --e-global-typography-text-font-family ), Sans-serif; font-weight: var( --e-global-typography-text-font-weight ); text-align: var(--text-align); font-size: 0.875rem;\">Jounin vapaa-ajan mieluisimpia\u00a0harrastuksia ovat kuntoilun lis\u00e4ksi mm. <a href=\"https:\/\/trukkisikanen.fi\/etusivu\/jouni-sikanen-monitoimimies\/\"><strong>MUSIIKKI ja TEATTERI (LUE LIS\u00c4\u00c4)<\/strong><\/a>.\u00a0<\/span><\/p>\t\t\t\t\t\t\t\t<\/div>\n\t\t\t\t<\/div>\n\t\t\t\t<\/div>\n\t\t\t\t<div class=\"elementor-element elementor-element-4e8571e elementor-widget elementor-widget-image\" data-id=\"4e8571e\" data-element_type=\"widget\" data-widget_type=\"image.default\">\n\t\t\t\t<div class=\"elementor-widget-container\">\n\t\t\t\t\t\t\t\t\t\t\t\t\t\t\t<img fetchpriority=\"high\" decoding=\"async\" width=\"750\" height=\"1000\" src=\"https:\/\/trukkisikanen.fi\/wp-content\/uploads\/2024\/09\/JouniSikanen-JKR_7297-EDITED-1.jpg\" class=\"attachment-large size-large wp-image-194\" alt=\"\" srcset=\"https:\/\/trukkisikanen.fi\/wp-content\/uploads\/2024\/09\/JouniSikanen-JKR_7297-EDITED-1.jpg 750w, https:\/\/trukkisikanen.fi\/wp-content\/uploads\/2024\/09\/JouniSikanen-JKR_7297-EDITED-1-225x300.jpg 225w\" sizes=\"(max-width: 750px) 100vw, 750px\" \/>\t\t\t\t\t\t\t\t\t\t\t\t\t\t\t<\/div>\n\t\t\t\t<\/div>\n\t\t\t\t\t<\/div>\n\t\t\t\t<\/div>\n\t\t\t\t<\/div>\n\t\t","protected":false},"excerpt":{"rendered":"<p>TrukkiSikanen \u2013 koulutusta kokemuksella TrukkiSikanen-sivusto on Tmi Jouni Sikanen -yrityksen palveluja esittelev\u00e4 verkkosivusto. Tmi Jouni Sikanen on vuonna 2024 perustettu yritys, joka tarjoaa turvallisuuskortti- ja trukinkuljettajakoulutuksia.\u00a0 Yrityksen perustaja Jouni Sikanen &#8230;<\/p>\n","protected":false},"author":1,"featured_media":0,"parent":0,"menu_order":0,"comment_status":"closed","ping_status":"closed","template":"","meta":{"footnotes":""},"class_list":["post-186","page","type-page","status-publish","hentry"],"_links":{"self":[{"href":"https:\/\/trukkisikanen.fi\/etusivu\/wp-json\/wp\/v2\/pages\/186","targetHints":{"allow":["GET"]}}],"collection":[{"href":"https:\/\/trukkisikanen.fi\/etusivu\/wp-json\/wp\/v2\/pages"}],"about":[{"href":"https:\/\/trukkisikanen.fi\/etusivu\/wp-json\/wp\/v2\/types\/page"}],"author":[{"embeddable":true,"href":"https:\/\/trukkisikanen.fi\/etusivu\/wp-json\/wp\/v2\/users\/1"}],"replies":[{"embeddable":true,"href":"https:\/\/trukkisikanen.fi\/etusivu\/wp-json\/wp\/v2\/comments?post=186"}],"version-history":[{"count":25,"href":"https:\/\/trukkisikanen.fi\/etusivu\/wp-json\/wp\/v2\/pages\/186\/revisions"}],"predecessor-version":[{"id":792,"href":"https:\/\/trukkisikanen.fi\/etusivu\/wp-json\/wp\/v2\/pages\/186\/revisions\/792"}],"wp:attachment":[{"href":"https:\/\/trukkisikanen.fi\/etusivu\/wp-json\/wp\/v2\/media?parent=186"}],"curies":[{"name":"wp","href":"https:\/\/api.w.org\/{rel}","templated":true}]}}