{"id":374,"date":"2024-10-15T09:50:33","date_gmt":"2024-10-15T09:50:33","guid":{"rendered":"https:\/\/trukkisikanen.fi\/etusivu\/?page_id=374"},"modified":"2024-10-15T10:29:42","modified_gmt":"2024-10-15T10:29:42","slug":"palautetta","status":"publish","type":"page","link":"https:\/\/trukkisikanen.fi\/etusivu\/palautetta\/","title":{"rendered":"Anna palautetta"},"content":{"rendered":"\t\t<div data-elementor-type=\"wp-page\" data-elementor-id=\"374\" class=\"elementor elementor-374\">\n\t\t\t\t<div class=\"elementor-element elementor-element-c07678e e-flex e-con-boxed e-con e-parent\" data-id=\"c07678e\" data-element_type=\"container\">\n\t\t\t\t\t<div class=\"e-con-inner\">\n\t\t\t\t<div class=\"elementor-element elementor-element-48d3ae8 elementor-widget elementor-widget-heading\" data-id=\"48d3ae8\" data-element_type=\"widget\" data-widget_type=\"heading.default\">\n\t\t\t\t<div class=\"elementor-widget-container\">\n\t\t\t\t\t<h2 class=\"elementor-heading-title elementor-size-default\">Anna palautetta kursseista!<\/h2>\t\t\t\t<\/div>\n\t\t\t\t<\/div>\n\t\t\t\t<div class=\"elementor-element elementor-element-1ac10df9 elementor-widget elementor-widget-text-editor\" data-id=\"1ac10df9\" data-element_type=\"widget\" data-widget_type=\"text-editor.default\">\n\t\t\t\t<div class=\"elementor-widget-container\">\n\t\t\t\t\t\t\t\t\t<p><\/p>\n<p><b>T\u00e4m\u00e4n sivun kautta voit antaa palautetta sek\u00e4 verkko- ett\u00e4 l\u00e4hikursseista. Kaikenlainen palaute \u2013 niin r<span style=\"color: var( --e-global-color-text ); font-family: var( --e-global-typography-text-font-family ), Sans-serif; text-align: var(--text-align); font-size: 0.875rem;\">uusut, risut, m\u00e4nnynk\u00e4vyt kuin kukkasetkin \u2013&nbsp;<\/span><span style=\"color: var( --e-global-color-text ); font-family: var( --e-global-typography-text-font-family ), Sans-serif; text-align: var(--text-align); font-size: 0.875rem;\">on meille eritt\u00e4in t\u00e4rke\u00e4\u00e4, sill\u00e4 palautteiden avulla voimme kehitt\u00e4\u00e4 toimintaamme.<\/span><\/b><span style=\"color: var( --e-global-color-text ); font-family: var( --e-global-typography-text-font-family ), Sans-serif; font-weight: var( --e-global-typography-text-font-weight ); text-align: var(--text-align); font-size: 0.875rem;\">&nbsp;<\/span><\/p>\n<p>HUOM! Jos haluat antaa nimet\u00f6nt\u00e4 palautetta, voit j\u00e4tt\u00e4\u00e4 yhteystietokent\u00e4t tyhjiksi ja t\u00e4ytt\u00e4\u00e4 vain palautekent\u00e4t.<\/p>\n<p><\/p>\n<p><\/p>\n<p><\/p>\t\t\t\t\t\t\t\t<\/div>\n\t\t\t\t<\/div>\n\t\t\t\t\t<\/div>\n\t\t\t\t<\/div>\n\t\t<div class=\"elementor-element elementor-element-826cd07 e-flex e-con-boxed e-con e-parent\" data-id=\"826cd07\" data-element_type=\"container\">\n\t\t\t\t\t<div class=\"e-con-inner\">\n\t\t\t\t<div class=\"elementor-element elementor-element-93739df elementor-widget elementor-widget-wpforms\" data-id=\"93739df\" data-element_type=\"widget\" data-widget_type=\"wpforms.default\">\n\t\t\t\t<div class=\"elementor-widget-container\">\n\t\t\t\t\t<style id=\"wpforms-css-vars-elementor-widget-93739df\">\n\t\t\t\t.elementor-widget-wpforms.elementor-element-93739df {\n\t\t\t\t--wpforms-field-size-input-height: 43px;\n--wpforms-field-size-input-spacing: 15px;\n--wpforms-field-size-font-size: 16px;\n--wpforms-field-size-line-height: 19px;\n--wpforms-field-size-padding-h: 14px;\n--wpforms-field-size-checkbox-size: 16px;\n--wpforms-field-size-sublabel-spacing: 5px;\n--wpforms-field-size-icon-size: 1;\n--wpforms-label-size-font-size: 16px;\n--wpforms-label-size-line-height: 19px;\n--wpforms-label-size-sublabel-font-size: 14px;\n--wpforms-label-size-sublabel-line-height: 17px;\n--wpforms-button-size-font-size: 17px;\n--wpforms-button-size-height: 41px;\n--wpforms-button-size-padding-h: 15px;\n--wpforms-button-size-margin-top: 10px;\n\n\t\t\t}\n\t\t\t<\/style><div class=\"wpforms-container wpforms-container-full wpforms-render-modern\" id=\"wpforms-376\"><form id=\"wpforms-form-376\" class=\"wpforms-validate wpforms-form wpforms-ajax-form\" data-formid=\"376\" method=\"post\" enctype=\"multipart\/form-data\" action=\"\/etusivu\/wp-json\/wp\/v2\/pages\/374\" data-token=\"adbd6e0feb66abfee2be36d4cd853ed9\" data-token-time=\"1778608421\"><noscript class=\"wpforms-error-noscript\">Please enable JavaScript in your browser to complete this form.<\/noscript><div class=\"wpforms-hidden\" id=\"wpforms-error-noscript\">Please enable JavaScript in your browser to complete this form.<\/div><div class=\"wpforms-field-container\"><div id=\"wpforms-376-field_1-container\" class=\"wpforms-field wpforms-field-name\" data-field-id=\"1\"><label class=\"wpforms-field-label\" for=\"wpforms-376-field_1\">Nimi<\/label><input type=\"text\" id=\"wpforms-376-field_1\" class=\"wpforms-field-medium\" name=\"wpforms[fields][1]\" aria-errormessage=\"wpforms-376-field_1-error\" ><\/div><div id=\"wpforms-376-field_2-container\" class=\"wpforms-field wpforms-field-email\" data-field-id=\"2\"><label class=\"wpforms-field-label\" for=\"wpforms-376-field_2\">S\u00e4hk\u00f6postiosoite<\/label><input type=\"email\" id=\"wpforms-376-field_2\" class=\"wpforms-field-medium\" name=\"wpforms[fields][2]\" spellcheck=\"false\" aria-errormessage=\"wpforms-376-field_2-error\" ><\/div><div id=\"wpforms-376-field_4-container\" class=\"wpforms-field wpforms-field-radio\" data-field-id=\"4\"><fieldset><legend class=\"wpforms-field-label\">Mille kurssille osallistuit? <span class=\"wpforms-required-label\" aria-hidden=\"true\">*<\/span><\/legend><ul id=\"wpforms-376-field_4\" class=\"wpforms-field-required\"><li class=\"choice-1 depth-1 wpforms-selected\"><input type=\"radio\" id=\"wpforms-376-field_4_1\" name=\"wpforms[fields][4]\" value=\"Verkkokurssi (trukkikurssi)\" aria-errormessage=\"wpforms-376-field_4_1-error\" required  checked='checked'><label class=\"wpforms-field-label-inline\" for=\"wpforms-376-field_4_1\">Verkkokurssi (trukkikurssi)<\/label><\/li><li class=\"choice-2 depth-1\"><input type=\"radio\" id=\"wpforms-376-field_4_2\" name=\"wpforms[fields][4]\" value=\"L\u00e4hikurssi (trukkikurssi)\" aria-errormessage=\"wpforms-376-field_4_2-error\" required ><label class=\"wpforms-field-label-inline\" for=\"wpforms-376-field_4_2\">L\u00e4hikurssi (trukkikurssi)<\/label><\/li><li class=\"choice-3 depth-1\"><input type=\"radio\" id=\"wpforms-376-field_4_3\" name=\"wpforms[fields][4]\" value=\"Ty\u00f6turvallisuuskoulutus\" aria-errormessage=\"wpforms-376-field_4_3-error\" required ><label class=\"wpforms-field-label-inline\" for=\"wpforms-376-field_4_3\">Ty\u00f6turvallisuuskoulutus<\/label><\/li><\/ul><\/fieldset><\/div><div id=\"wpforms-376-field_12-container\" class=\"wpforms-field wpforms-field-text\" data-field-id=\"12\"><label class=\"wpforms-field-label\" for=\"wpforms-376-field_12\">Kurssip\u00e4iv\u00e4 <span class=\"wpforms-required-label\" aria-hidden=\"true\">*<\/span><\/label><input type=\"text\" id=\"wpforms-376-field_12\" class=\"wpforms-field-medium wpforms-field-required\" name=\"wpforms[fields][12]\" aria-errormessage=\"wpforms-376-field_12-error\" aria-describedby=\"wpforms-376-field_12-description\" required><div id=\"wpforms-376-field_12-description\" class=\"wpforms-field-description\">Kirjoita t\u00e4h\u00e4n kurssip\u00e4iv\u00e4 muodossa pv.kk.vuosi<\/div><\/div><div id=\"wpforms-376-field_6-container\" class=\"wpforms-field wpforms-field-number-slider\" data-field-id=\"6\"><label class=\"wpforms-field-label\" for=\"wpforms-376-field_6\">Anna arvosana kurssin vet\u00e4j\u00e4lle<\/label>\n<input\n\ttype=\"range\"\n\tid=\"wpforms-376-field_6\" class=\"wpforms-field-medium\" name=\"wpforms[fields][6]\" value=\"10\" aria-errormessage=\"wpforms-376-field_6-error\" aria-describedby=\"wpforms-376-field_6-description\"\t\tmin=\"4\"\n\tmax=\"10\"\n\tstep=\"1\">\n\n<div class=\"wpforms-field-number-slider-hint\"\n\tdata-hint=\"Selected Value: {value}\">\n\tSelected Value: <b>10<\/b><\/div>\n<div id=\"wpforms-376-field_6-description\" class=\"wpforms-field-description\">Kerro, mit\u00e4 mielt\u00e4 olit kurssin vet\u00e4j\u00e4st\u00e4 valitsemalla liukus\u00e4\u00e4timest\u00e4 kouluarvosana 4\u201310. <\/div><\/div><div id=\"wpforms-376-field_7-container\" class=\"wpforms-field wpforms-field-number-slider\" data-field-id=\"7\"><label class=\"wpforms-field-label\" for=\"wpforms-376-field_7\">Anna arvosana kurssin sis\u00e4ll\u00f6lle<\/label>\n<input\n\ttype=\"range\"\n\tid=\"wpforms-376-field_7\" class=\"wpforms-field-medium\" name=\"wpforms[fields][7]\" value=\"10\" aria-errormessage=\"wpforms-376-field_7-error\" aria-describedby=\"wpforms-376-field_7-description\"\t\tmin=\"4\"\n\tmax=\"10\"\n\tstep=\"1\">\n\n<div class=\"wpforms-field-number-slider-hint\"\n\tdata-hint=\"Selected Value: {value}\">\n\tSelected Value: <b>10<\/b><\/div>\n<div id=\"wpforms-376-field_7-description\" class=\"wpforms-field-description\">Kerro, mit\u00e4 mielt\u00e4 olit kurssin sis\u00e4ll\u00f6st\u00e4 valitsemalla liukus\u00e4\u00e4timest\u00e4 kouluarvosana 4\u201310. <\/div><\/div><div id=\"wpforms-376-field_3-container\" class=\"wpforms-field wpforms-field-textarea\" data-field-id=\"3\"><label class=\"wpforms-field-label\" for=\"wpforms-376-field_3\">Palautetta kurssista ja kurssin vet\u00e4j\u00e4st\u00e4 <span class=\"wpforms-required-label\" aria-hidden=\"true\">*<\/span><\/label><textarea id=\"wpforms-376-field_3\" class=\"wpforms-field-medium wpforms-field-required\" name=\"wpforms[fields][3]\" aria-errormessage=\"wpforms-376-field_3-error\" required><\/textarea><\/div><\/div><!-- .wpforms-field-container --><div class=\"wpforms-submit-container\" ><input type=\"hidden\" name=\"wpforms[id]\" value=\"376\"><input type=\"hidden\" name=\"page_title\" value=\"\"><input type=\"hidden\" name=\"page_url\" value=\"https:\/\/trukkisikanen.fi\/etusivu\/wp-json\/wp\/v2\/pages\/374\"><button type=\"submit\" name=\"wpforms[submit]\" id=\"wpforms-submit-376\" class=\"wpforms-submit\" data-alt-text=\"L\u00e4hetet\u00e4\u00e4n...\" data-submit-text=\"L\u00e4het\u00e4 palaute\" aria-live=\"assertive\" value=\"wpforms-submit\">L\u00e4het\u00e4 palaute<\/button><img decoding=\"async\" src=\"https:\/\/trukkisikanen.fi\/wp-content\/plugins\/wpforms-lite\/assets\/images\/submit-spin.svg\" class=\"wpforms-submit-spinner\" style=\"display: none;\" width=\"26\" height=\"26\" alt=\"Loading\"><\/div><\/form><\/div>  <!-- .wpforms-container -->\t\t\t\t<\/div>\n\t\t\t\t<\/div>\n\t\t\t\t\t<\/div>\n\t\t\t\t<\/div>\n\t\t\t\t<\/div>\n\t\t","protected":false},"excerpt":{"rendered":"<p>Anna palautetta kursseista! T\u00e4m\u00e4n sivun kautta voit antaa palautetta sek\u00e4 verkko- ett\u00e4 l\u00e4hikursseista. Kaikenlainen palaute \u2013 niin ruusut, risut, m\u00e4nnynk\u00e4vyt kuin kukkasetkin \u2013&nbsp;on meille eritt\u00e4in t\u00e4rke\u00e4\u00e4, sill\u00e4 palautteiden avulla voimme &#8230;<\/p>\n","protected":false},"author":1,"featured_media":0,"parent":0,"menu_order":0,"comment_status":"closed","ping_status":"closed","template":"","meta":{"footnotes":""},"class_list":["post-374","page","type-page","status-publish","hentry"],"_links":{"self":[{"href":"https:\/\/trukkisikanen.fi\/etusivu\/wp-json\/wp\/v2\/pages\/374","targetHints":{"allow":["GET"]}}],"collection":[{"href":"https:\/\/trukkisikanen.fi\/etusivu\/wp-json\/wp\/v2\/pages"}],"about":[{"href":"https:\/\/trukkisikanen.fi\/etusivu\/wp-json\/wp\/v2\/types\/page"}],"author":[{"embeddable":true,"href":"https:\/\/trukkisikanen.fi\/etusivu\/wp-json\/wp\/v2\/users\/1"}],"replies":[{"embeddable":true,"href":"https:\/\/trukkisikanen.fi\/etusivu\/wp-json\/wp\/v2\/comments?post=374"}],"version-history":[{"count":11,"href":"https:\/\/trukkisikanen.fi\/etusivu\/wp-json\/wp\/v2\/pages\/374\/revisions"}],"predecessor-version":[{"id":393,"href":"https:\/\/trukkisikanen.fi\/etusivu\/wp-json\/wp\/v2\/pages\/374\/revisions\/393"}],"wp:attachment":[{"href":"https:\/\/trukkisikanen.fi\/etusivu\/wp-json\/wp\/v2\/media?parent=374"}],"curies":[{"name":"wp","href":"https:\/\/api.w.org\/{rel}","templated":true}]}}