{"id":541,"date":"2024-11-04T17:00:48","date_gmt":"2024-11-04T15:00:48","guid":{"rendered":"https:\/\/trukkisikanen.fi\/etusivu\/?page_id=541"},"modified":"2024-12-04T22:09:00","modified_gmt":"2024-12-04T20:09:00","slug":"jouni-sikanen-monitoimimies","status":"publish","type":"page","link":"https:\/\/trukkisikanen.fi\/etusivu\/jouni-sikanen-monitoimimies\/","title":{"rendered":"Jouni Sikanen \u2013 monitoimimies"},"content":{"rendered":"\t\t<div data-elementor-type=\"wp-page\" data-elementor-id=\"541\" class=\"elementor elementor-541\">\n\t\t\t\t<div class=\"elementor-element elementor-element-b7f40bf e-flex e-con-boxed e-con e-parent\" data-id=\"b7f40bf\" data-element_type=\"container\" data-settings=\"{&quot;background_background&quot;:&quot;classic&quot;}\">\n\t\t\t\t\t<div class=\"e-con-inner\">\n\t\t\t\t<div class=\"elementor-element elementor-element-1431494 elementor-widget elementor-widget-heading\" data-id=\"1431494\" data-element_type=\"widget\" data-widget_type=\"heading.default\">\n\t\t\t\t<div class=\"elementor-widget-container\">\n\t\t\t\t\t<h2 class=\"elementor-heading-title elementor-size-default\">Monitoimimies Jouni Sikanen<\/h2>\t\t\t\t<\/div>\n\t\t\t\t<\/div>\n\t\t\t\t\t<\/div>\n\t\t\t\t<\/div>\n\t\t<div class=\"elementor-element elementor-element-894a7da e-flex e-con-boxed e-con e-parent\" data-id=\"894a7da\" data-element_type=\"container\" data-settings=\"{&quot;background_background&quot;:&quot;classic&quot;}\">\n\t\t\t\t\t<div class=\"e-con-inner\">\n\t\t\t\t<div class=\"elementor-element elementor-element-caa980e elementor-widget elementor-widget-text-editor\" data-id=\"caa980e\" data-element_type=\"widget\" data-widget_type=\"text-editor.default\">\n\t\t\t\t<div class=\"elementor-widget-container\">\n\t\t\t\t\t\t\t\t\t<h1 style=\"margin: 0cm; font-size: 12pt; font-family: Aptos, sans-serif; color: #000000;\"><b>Kouluttaja<\/b><\/h1>\t\t\t\t\t\t\t\t<\/div>\n\t\t\t\t<\/div>\n\t\t<div class=\"elementor-element elementor-element-55fe516 e-con-full e-grid e-con e-child\" data-id=\"55fe516\" data-element_type=\"container\">\n\t\t\t\t<div class=\"elementor-element elementor-element-548906c elementor-widget elementor-widget-text-editor\" data-id=\"548906c\" data-element_type=\"widget\" data-widget_type=\"text-editor.default\">\n\t\t\t\t<div class=\"elementor-widget-container\">\n\t\t\t\t\t\t\t\t\t<p><b>Jouni JoneS Sikanen<\/b> syntyi vuonna 1964 Helsingiss\u00e4. Nykyisin Jouni asuu Tuusulassa, mutta kotikaupunkinaan h\u00e4n pit\u00e4\u00e4 J\u00e4rvenp\u00e4\u00e4t\u00e4. Jouni ty\u00f6skenteli kymmenien vuosien ajan, vuodesta 1985 alkaen trukkimekaanikkona, tarkastajana, ja koulutusp\u00e4\u00e4llikk\u00f6n\u00e4 Roclalla (nyk. Logisnext Finland) pit\u00e4en huolta suomalaisten logistiikka-alan ty\u00f6ntekij\u00f6iden trukki- ja turvallisuuskoulutuksesta. Nykyisin h\u00e4n tekee samankaltaista koulutusty\u00f6t\u00e4 <b>Tmi Jouni Sikanen<\/b> -yrityksens\u00e4 kautta.<\/p>\t\t\t\t\t\t\t\t<\/div>\n\t\t\t\t<\/div>\n\t\t\t\t<div class=\"elementor-element elementor-element-a804db9 elementor-widget elementor-widget-image\" data-id=\"a804db9\" data-element_type=\"widget\" data-widget_type=\"image.default\">\n\t\t\t\t<div class=\"elementor-widget-container\">\n\t\t\t\t\t\t\t\t\t\t\t\t\t\t\t<img fetchpriority=\"high\" decoding=\"async\" width=\"257\" height=\"247\" src=\"https:\/\/trukkisikanen.fi\/wp-content\/uploads\/2024\/11\/Jone2.jpg\" class=\"attachment-medium size-medium wp-image-545\" alt=\"\" \/>\t\t\t\t\t\t\t\t\t\t\t\t\t\t\t<\/div>\n\t\t\t\t<\/div>\n\t\t\t\t<\/div>\n\t\t\t\t<div class=\"elementor-element elementor-element-edd04f7 elementor-widget elementor-widget-spacer\" data-id=\"edd04f7\" data-element_type=\"widget\" data-widget_type=\"spacer.default\">\n\t\t\t\t<div class=\"elementor-widget-container\">\n\t\t\t\t\t\t\t<div class=\"elementor-spacer\">\n\t\t\t<div class=\"elementor-spacer-inner\"><\/div>\n\t\t<\/div>\n\t\t\t\t\t\t<\/div>\n\t\t\t\t<\/div>\n\t\t\t\t<div class=\"elementor-element elementor-element-3b98c47 elementor-widget elementor-widget-text-editor\" data-id=\"3b98c47\" data-element_type=\"widget\" data-widget_type=\"text-editor.default\">\n\t\t\t\t<div class=\"elementor-widget-container\">\n\t\t\t\t\t\t\t\t\t<h1 class=\"MsoNormal\" style=\"margin: 0cm; font-size: 12pt; font-weight: 400;\"><b>Soittaminen ja b\u00e4ndit<\/b><\/h1>\t\t\t\t\t\t\t\t<\/div>\n\t\t\t\t<\/div>\n\t\t<div class=\"elementor-element elementor-element-bf0d9ef e-con-full e-grid e-con e-child\" data-id=\"bf0d9ef\" data-element_type=\"container\">\n\t\t\t\t<div class=\"elementor-element elementor-element-084cbf8 elementor-widget elementor-widget-image\" data-id=\"084cbf8\" data-element_type=\"widget\" data-widget_type=\"image.default\">\n\t\t\t\t<div class=\"elementor-widget-container\">\n\t\t\t\t\t\t\t\t\t\t\t\t\t\t\t<img decoding=\"async\" src=\"https:\/\/trukkisikanen.fi\/wp-content\/uploads\/2024\/11\/439831158_8120933621254018_4510176701738993836_n.jpg\" title=\"439831158_8120933621254018_4510176701738993836_n\" alt=\"439831158_8120933621254018_4510176701738993836_n\" loading=\"lazy\" \/>\t\t\t\t\t\t\t\t\t\t\t\t\t\t\t<\/div>\n\t\t\t\t<\/div>\n\t\t\t\t<div class=\"elementor-element elementor-element-b0618db elementor-widget elementor-widget-text-editor\" data-id=\"b0618db\" data-element_type=\"widget\" data-widget_type=\"text-editor.default\">\n\t\t\t\t<div class=\"elementor-widget-container\">\n\t\t\t\t\t\t\t\t\t<p>Koulutushommissa asiantuntemus ja esiintymistaito ovat kaiken A ja O. Jouni tunnetaan miehen\u00e4, joka tiet\u00e4\u00e4 &#8221;kaiken&#8221; ja jos ei tied\u00e4, ottaa selv\u00e4\u00e4. Osaa jakaa tietonsa innostavasti ja huumorilla sopivasti ryyditettyn\u00e4.<\/p><p>Kaikenlainen esiintyminen ja erityisesti musiikki on ollut Jonella veriss\u00e4 jo pienest\u00e4 pit\u00e4en. Laulun lis\u00e4ksi h\u00e4n soittaa s\u00e4hk\u00f6kitaroita, kontrabassoa,\u00a0 huuliharppua, kazoota, rumpuja&#8230; ja suutaan. Musiikkityylej\u00e4 ovat rock, blues, rockabilly, rautalanka ja iskelm\u00e4-\u00a0<\/p><p>T\u00e4ll\u00e4 hetkell\u00e4 vakituisia b\u00e4ndej\u00e4 on kaksi \u2013 Rem\u00dcteS ja JoneS Band. Lis\u00e4ksi Jone esiintyy erilaisissa duokokoonpanoissa ja trubaduurina.\u00a0<\/p>\t\t\t\t\t\t\t\t<\/div>\n\t\t\t\t<\/div>\n\t\t\t\t<\/div>\n\t\t\t\t<div class=\"elementor-element elementor-element-a8e7069 elementor-widget elementor-widget-text-editor\" data-id=\"a8e7069\" data-element_type=\"widget\" data-widget_type=\"text-editor.default\">\n\t\t\t\t<div class=\"elementor-widget-container\">\n\t\t\t\t\t\t\t\t\t<p><b>Rem\u00dcteS-yhtyeess\u00e4<\/b> Jone laulaa ja soittaa kitaraa. Yhtyeen muut j\u00e4senet ovat J J\u00e4rvinen (basso) ja M Janhonen (rummut). Rem\u00dcteS-musiikki koostuu Hurriganes -tyyppisest\u00e4 suoraviivaisesta rockista. Omien biisien lis\u00e4ksi b\u00e4ndi soittaa mm. ZZ Topia, Fabulous Thunderbirdsi\u00e4 ja Dr. Feelgoodia. Biisilistalla on rokin lis\u00e4ksi mm. bluesia, rockabilly\u00e4, countrya ja kaikenlaista muutakin remellyst\u00e4. Vauhtia ja vaarallisia tilanteita!<\/p>\t\t\t\t\t\t\t\t<\/div>\n\t\t\t\t<\/div>\n\t\t\t\t<div class=\"elementor-element elementor-element-8410e1d elementor-widget elementor-widget-video\" data-id=\"8410e1d\" data-element_type=\"widget\" data-settings=\"{&quot;youtube_url&quot;:&quot;https:\\\/\\\/www.youtube.com\\\/embed\\\/0Aaynxhg3Lk?si=ynCnnHxaYIpDwYTZ&quot;,&quot;video_type&quot;:&quot;youtube&quot;,&quot;controls&quot;:&quot;yes&quot;}\" data-widget_type=\"video.default\">\n\t\t\t\t<div class=\"elementor-widget-container\">\n\t\t\t\t\t\t\t<div class=\"elementor-wrapper elementor-open-inline\">\n\t\t\t<div class=\"elementor-video\"><\/div>\t\t<\/div>\n\t\t\t\t\t\t<\/div>\n\t\t\t\t<\/div>\n\t\t\t\t<div class=\"elementor-element elementor-element-8c3fdde elementor-widget elementor-widget-text-editor\" data-id=\"8c3fdde\" data-element_type=\"widget\" data-widget_type=\"text-editor.default\">\n\t\t\t\t<div class=\"elementor-widget-container\">\n\t\t\t\t\t\t\t\t\t<p><b>JoneS Band<\/b> (joka on esiintynyt my\u00f6s nimell\u00e4 Outolintu Band sek\u00e4\u00a0 Standby Men Band ) soittaa monenlaista musiikkia. Settilistalta l\u00f6ytyy mm. melodista rockia, rautalankaa ja iskelm\u00e4llisemp\u00e4\u00e4 musiikkia Topi Sorsakosken ja Agentsin tyyliin. Laulusta ja taustakitaroinnista vastaa Jone, v\u00e4lil sooloakin pukkaa, Ykk\u00f6s soolokitaraa soittaa J Suonkanta, bassossa on M S\u00e4rkk\u00e4 ja rumpujen takana vaikuttanut eri Mestareita M.Janhonen ( my\u00f6s Rem\u00dcteS),\u00a0 H M\u00e4kinen, Viimeisin tulokas M.Liikka<\/p><p><span style=\"color: var( --e-global-color-text ); font-family: var( --e-global-typography-text-font-family ), Sans-serif; font-size: 0.875rem; font-weight: var( --e-global-typography-text-font-weight ); text-align: var(--text-align);\">T\u00e4ss\u00e4 n\u00e4ytteen\u00e4 b\u00e4ndin tyylist\u00e4 Kylm\u00e4t V\u00e4reet (orig. The Shadows: Theme for Young Lovers instrumental, ja suom. sanat teki Jouni Sikanen, ). Kuvattu harjoituksissa 2021.<\/span><\/p>\t\t\t\t\t\t\t\t<\/div>\n\t\t\t\t<\/div>\n\t\t\t\t<div class=\"elementor-element elementor-element-8fce3dc elementor-widget elementor-widget-video\" data-id=\"8fce3dc\" data-element_type=\"widget\" data-settings=\"{&quot;video_type&quot;:&quot;vimeo&quot;}\" data-widget_type=\"video.default\">\n\t\t\t\t<div class=\"elementor-widget-container\">\n\t\t\t\t\t\t\t<div class=\"elementor-wrapper elementor-open-inline\">\n\t\t\t<iframe class=\"elementor-video-iframe\" allowfullscreen allow=\"clipboard-write\" title=\"vimeo-videosoitin\" src=\"https:\/\/player.vimeo.com\/video\/679683783?color&amp;autopause=0&amp;loop=0&amp;muted=0&amp;title=1&amp;portrait=1&amp;byline=1#t=\"><\/iframe>\t\t<\/div>\n\t\t\t\t\t\t<\/div>\n\t\t\t\t<\/div>\n\t\t\t\t<div class=\"elementor-element elementor-element-231b1c3 elementor-widget elementor-widget-spacer\" data-id=\"231b1c3\" data-element_type=\"widget\" data-widget_type=\"spacer.default\">\n\t\t\t\t<div class=\"elementor-widget-container\">\n\t\t\t\t\t\t\t<div class=\"elementor-spacer\">\n\t\t\t<div class=\"elementor-spacer-inner\"><\/div>\n\t\t<\/div>\n\t\t\t\t\t\t<\/div>\n\t\t\t\t<\/div>\n\t\t\t\t<div class=\"elementor-element elementor-element-8ca6989 elementor-widget elementor-widget-text-editor\" data-id=\"8ca6989\" data-element_type=\"widget\" data-widget_type=\"text-editor.default\">\n\t\t\t\t<div class=\"elementor-widget-container\">\n\t\t\t\t\t\t\t\t\t<h1 class=\"MsoNormal\" style=\"margin: 0cm; font-size: 12pt; font-weight: 400;\"><b>Teatteri<\/b><\/h1>\t\t\t\t\t\t\t\t<\/div>\n\t\t\t\t<\/div>\n\t\t<div class=\"elementor-element elementor-element-a9c0e2a e-grid e-con-full e-con e-child\" data-id=\"a9c0e2a\" data-element_type=\"container\">\n\t\t\t\t<div class=\"elementor-element elementor-element-12c6793 elementor-widget elementor-widget-text-editor\" data-id=\"12c6793\" data-element_type=\"widget\" data-widget_type=\"text-editor.default\">\n\t\t\t\t<div class=\"elementor-widget-container\">\n\t\t\t\t\t\t\t\t\t<p>Musiikin esitt\u00e4misen lis\u00e4ksi Jounilla on kokemusta my\u00f6s teatterilavoilta alkaen 1987 ja pikku tv sarja rooli ministerin\u00e4 1995 Tuomitut, sek\u00e4 LateKicks elokuvassa pikku rooli alussa Halonhakkaaja sek\u00e4 K\u00e4tk\u00e4l\u00e4isen\u00e4 Joka-Teatterissa, ja pitk\u00e4n tauon j\u00e4lkeen viimeksi h\u00e4net on n\u00e4hty Joka-Teatterin eli Jokelan Karjalaseuran kes\u00e4teatterin esityksess\u00e4, 2022 Talkootanssit. 19 vuoden tauko oli kes\u00e4teatterista. Mutta Ei koskaan sano &#8221;Ei koskaan&#8221;.<\/p><p>Aikaisemmin h\u00e4n on ollut J\u00e4rvenp\u00e4\u00e4n Teatterissa mm. Viulunsoittaja katolla 1986-87 ja Pitk\u00e4j\u00e4rvel\u00e4iset 1987<\/p>\t\t\t\t\t\t\t\t<\/div>\n\t\t\t\t<\/div>\n\t\t\t\t<div class=\"elementor-element elementor-element-a4c9bf5 elementor-widget elementor-widget-image\" data-id=\"a4c9bf5\" data-element_type=\"widget\" data-widget_type=\"image.default\">\n\t\t\t\t<div class=\"elementor-widget-container\">\n\t\t\t\t\t\t\t\t\t\t\t\t\t\t\t<img decoding=\"async\" width=\"232\" height=\"236\" src=\"https:\/\/trukkisikanen.fi\/wp-content\/uploads\/2024\/11\/Jone-teatteri.jpg\" class=\"attachment-medium size-medium wp-image-546\" alt=\"\" \/>\t\t\t\t\t\t\t\t\t\t\t\t\t\t\t<\/div>\n\t\t\t\t<\/div>\n\t\t\t\t<\/div>\n\t\t\t\t\t<\/div>\n\t\t\t\t<\/div>\n\t\t\t\t<\/div>\n\t\t","protected":false},"excerpt":{"rendered":"<p>Monitoimimies Jouni Sikanen Kouluttaja Jouni JoneS Sikanen syntyi vuonna 1964 Helsingiss\u00e4. Nykyisin Jouni asuu Tuusulassa, mutta kotikaupunkinaan h\u00e4n pit\u00e4\u00e4 J\u00e4rvenp\u00e4\u00e4t\u00e4. Jouni ty\u00f6skenteli kymmenien vuosien ajan, vuodesta 1985 alkaen trukkimekaanikkona, tarkastajana, &#8230;<\/p>\n","protected":false},"author":1,"featured_media":0,"parent":0,"menu_order":0,"comment_status":"closed","ping_status":"closed","template":"elementor_canvas","meta":{"footnotes":""},"class_list":["post-541","page","type-page","status-publish","hentry"],"_links":{"self":[{"href":"https:\/\/trukkisikanen.fi\/etusivu\/wp-json\/wp\/v2\/pages\/541","targetHints":{"allow":["GET"]}}],"collection":[{"href":"https:\/\/trukkisikanen.fi\/etusivu\/wp-json\/wp\/v2\/pages"}],"about":[{"href":"https:\/\/trukkisikanen.fi\/etusivu\/wp-json\/wp\/v2\/types\/page"}],"author":[{"embeddable":true,"href":"https:\/\/trukkisikanen.fi\/etusivu\/wp-json\/wp\/v2\/users\/1"}],"replies":[{"embeddable":true,"href":"https:\/\/trukkisikanen.fi\/etusivu\/wp-json\/wp\/v2\/comments?post=541"}],"version-history":[{"count":55,"href":"https:\/\/trukkisikanen.fi\/etusivu\/wp-json\/wp\/v2\/pages\/541\/revisions"}],"predecessor-version":[{"id":745,"href":"https:\/\/trukkisikanen.fi\/etusivu\/wp-json\/wp\/v2\/pages\/541\/revisions\/745"}],"wp:attachment":[{"href":"https:\/\/trukkisikanen.fi\/etusivu\/wp-json\/wp\/v2\/media?parent=541"}],"curies":[{"name":"wp","href":"https:\/\/api.w.org\/{rel}","templated":true}]}}